{"id":756,"date":"2024-05-25T08:27:50","date_gmt":"2024-05-25T06:27:50","guid":{"rendered":"https:\/\/isamolinero.com\/?page_id=756"},"modified":"2024-05-25T08:27:51","modified_gmt":"2024-05-25T06:27:51","slug":"aviso-legal","status":"publish","type":"page","link":"https:\/\/isamolinero.com\/de\/aviso-legal\/","title":{"rendered":"Rechtlicher Hinweis"},"content":{"rendered":"<p>In Erf\u00fcllung der im Gesetz 34\/2002 \u00fcber die Dienste der Informationsgesellschaft und den elektronischen Gesch\u00e4ftsverkehr (LSSI-CE) festgelegten Informationspflicht werden die folgenden allgemeinen Informationen \u00fcber diese Website bereitgestellt:<\/p>\n\n\n\n<p><strong>\u00dcberschrift:<\/strong> Isabel Molinero<br><strong>Telefon:<\/strong> +34 656 788 460<br><strong>E-Mail:<\/strong> <a>isamolineropiano@gmail.com<\/a><br><strong>Unternehmen:<\/strong> Isa Molinero<\/p>\n\n\n\n<h4 class=\"wp-block-heading\">\u00dcber das Unternehmen<\/h4>\n\n\n\n<p><strong>Was verkaufen wir?<\/strong><br>Ich bin ein Eventpianist und biete meine Dienste als Pianist f\u00fcr eine Vielzahl von Veranstaltungen an. Dazu geh\u00f6ren Auftritte in Hotels, Hochzeiten, Firmenveranstaltungen und jede Art von Veranstaltung, die musikalische Unterhaltung erfordert. Ich kann entweder solo am Klavier oder in Begleitung eines anderen Instruments oder einer Stimme auftreten.<\/p>\n\n\n\n<p><strong>An wen verkaufen wir?<\/strong><br>Unser Angebot richtet sich an Paare, die heiraten wollen, an Eventplaner, Unternehmen f\u00fcr ihre Firmenveranstaltungen und an alle, die private Veranstaltungen wie Geburtstage oder Abendessen mit Freunden organisieren.<\/p>\n\n\n\n<p><strong>Warum sind wir die beste Wahl auf dem Markt?<\/strong><br>Neben meiner professionellen Klavierausbildung am Konservatorium, die musikalische Qualit\u00e4t garantiert, zeichne ich mich durch mein gutes Aussehen und meine Eleganz aus. Meine Leidenschaft f\u00fcr meine Arbeit spiegelt sich in der Hingabe und dem Enthusiasmus wider, mit dem ich jeden Auftritt angehe und daf\u00fcr sorge, dass alles perfekt l\u00e4uft.<\/p>\n\n\n\n<h4 class=\"wp-block-heading\">Geistiges und gewerbliches Eigentum<\/h4>\n\n\n\n<p>Das Design dieser Website und ihre Quellcodes sowie die Logos, Marken und anderen Erkennungszeichen, die auf ihr erscheinen, geh\u00f6ren Isa Molinero und sind durch die entsprechenden geistigen und gewerblichen Eigentumsrechte gesch\u00fctzt.<\/p>\n\n\n\n<h4 class=\"wp-block-heading\">Verantwortung f\u00fcr den Inhalt<\/h4>\n\n\n\n<p>Isa Molinero ist nicht verantwortlich f\u00fcr die Rechtm\u00e4\u00dfigkeit anderer Websites Dritter, von denen aus das Portal aufgerufen werden kann. Sie ist auch nicht verantwortlich f\u00fcr die Rechtm\u00e4\u00dfigkeit anderer Websites Dritter, die von diesem Portal aus verlinkt oder verkn\u00fcpft werden k\u00f6nnen.<\/p>\n\n\n\n<p>Isa Molinero beh\u00e4lt sich das Recht vor, ohne Vorank\u00fcndigung \u00c4nderungen an der Website vorzunehmen, um die Informationen auf dem neuesten Stand zu halten und die ver\u00f6ffentlichten Inhalte oder das Design des Portals zu erg\u00e4nzen, zu \u00e4ndern, zu korrigieren oder zu beseitigen.<\/p>\n\n\n\n<h4 class=\"wp-block-heading\">Schutz von personenbezogenen Daten<\/h4>\n\n\n\n<p>Isa Molinero verpflichtet sich, die Privatsph\u00e4re des Nutzers und den Schutz seiner pers\u00f6nlichen Daten zu gew\u00e4hrleisten. Weitere Informationen \u00fcber unsere Datenschutzpolitik finden Sie in unserer Datenschutzrichtlinie.<\/p>\n\n\n\n<h4 class=\"wp-block-heading\">Anwendbares Recht und Gerichtsbarkeit<\/h4>\n\n\n\n<p>F\u00fcr die Beilegung aller Streitigkeiten oder Fragen im Zusammenhang mit dieser Website oder den auf ihr durchgef\u00fchrten Aktivit\u00e4ten gilt die spanische Gesetzgebung, der sich die Parteien ausdr\u00fccklich unterwerfen, und die Gerichte von Madrid sind f\u00fcr die Beilegung aller Streitigkeiten, die sich aus der Nutzung dieser Website ergeben oder mit ihr zusammenh\u00e4ngen, zust\u00e4ndig.<\/p>","protected":false},"excerpt":{"rendered":"<p>En cumplimiento con el deber de informaci\u00f3n dispuesto en la Ley 34\/2002, de Servicios de la Sociedad de la Informaci\u00f3n y del Comercio Electr\u00f3nico (LSSI-CE), se facilita la siguiente informaci\u00f3n general de este sitio web: Titular: Isabel MolineroTel\u00e9fono: +34 656 788 460Email: isamolineropiano@gmail.comEmpresa: Isa Molinero Acerca de la Empresa \u00bfQu\u00e9 Vendemos?Soy pianista de eventos, ofreciendo&hellip; <a class=\"more-link\" href=\"https:\/\/isamolinero.com\/de\/aviso-legal\/\"><span class=\"screen-reader-text\">Rechtlicher Hinweis<\/span> weiterlesen<\/a><\/p>","protected":false},"author":2,"featured_media":0,"parent":0,"menu_order":0,"comment_status":"closed","ping_status":"closed","template":"","meta":{"footnotes":""},"class_list":["post-756","page","type-page","status-publish","hentry","entry"],"aioseo_notices":[],"_links":{"self":[{"href":"https:\/\/isamolinero.com\/de\/wp-json\/wp\/v2\/pages\/756","targetHints":{"allow":["GET"]}}],"collection":[{"href":"https:\/\/isamolinero.com\/de\/wp-json\/wp\/v2\/pages"}],"about":[{"href":"https:\/\/isamolinero.com\/de\/wp-json\/wp\/v2\/types\/page"}],"author":[{"embeddable":true,"href":"https:\/\/isamolinero.com\/de\/wp-json\/wp\/v2\/users\/2"}],"replies":[{"embeddable":true,"href":"https:\/\/isamolinero.com\/de\/wp-json\/wp\/v2\/comments?post=756"}],"version-history":[{"count":1,"href":"https:\/\/isamolinero.com\/de\/wp-json\/wp\/v2\/pages\/756\/revisions"}],"predecessor-version":[{"id":758,"href":"https:\/\/isamolinero.com\/de\/wp-json\/wp\/v2\/pages\/756\/revisions\/758"}],"wp:attachment":[{"href":"https:\/\/isamolinero.com\/de\/wp-json\/wp\/v2\/media?parent=756"}],"curies":[{"name":"wp","href":"https:\/\/api.w.org\/{rel}","templated":true}]}}